{"id":133,"date":"2024-02-22T14:12:03","date_gmt":"2024-02-22T13:12:03","guid":{"rendered":"https:\/\/www.vebon.se\/?post_type=product&#038;p=133"},"modified":"2024-02-22T14:15:00","modified_gmt":"2024-02-22T13:15:00","slug":"storsack-1-m3","status":"publish","type":"product","link":"https:\/\/www.vebon.se\/?product=storsack-1-m3","title":{"rendered":"Stors\u00e4ck, 1 m3"},"content":{"rendered":"<p>Stors\u00e4ck 1 m3 torr ved, fr\u00e5n 750 kr s\u00e4cken.<br \/>\nSnabb leverans till din adress!<\/p>\n<p>Frakt tillkommer 25:- mil<\/p>\n","protected":false},"excerpt":{"rendered":"<p>Stors\u00e4ck 1 m3 torr ved, fr\u00e5n 750 kr s\u00e4cken. Snabb leverans till din adress! Frakt tillkommer 25:- mil<\/p>\n","protected":false},"featured_media":132,"comment_status":"open","ping_status":"closed","template":"","meta":{"_genesis_hide_title":false,"_genesis_hide_breadcrumbs":false,"_genesis_hide_singular_image":false,"_genesis_hide_footer_widgets":false,"_genesis_custom_body_class":"","_genesis_custom_post_class":"","_genesis_layout":""},"product_cat":[17],"product_tag":[],"class_list":{"0":"post-133","1":"product","2":"type-product","3":"status-publish","4":"has-post-thumbnail","6":"product_cat-okategoriserad","7":"entry","9":"first","10":"instock","11":"shipping-taxable","12":"purchasable","13":"product-type-simple"},"jetpack_sharing_enabled":true,"_links":{"self":[{"href":"https:\/\/www.vebon.se\/index.php?rest_route=\/wp\/v2\/product\/133","targetHints":{"allow":["GET"]}}],"collection":[{"href":"https:\/\/www.vebon.se\/index.php?rest_route=\/wp\/v2\/product"}],"about":[{"href":"https:\/\/www.vebon.se\/index.php?rest_route=\/wp\/v2\/types\/product"}],"replies":[{"embeddable":true,"href":"https:\/\/www.vebon.se\/index.php?rest_route=%2Fwp%2Fv2%2Fcomments&post=133"}],"wp:featuredmedia":[{"embeddable":true,"href":"https:\/\/www.vebon.se\/index.php?rest_route=\/wp\/v2\/media\/132"}],"wp:attachment":[{"href":"https:\/\/www.vebon.se\/index.php?rest_route=%2Fwp%2Fv2%2Fmedia&parent=133"}],"wp:term":[{"taxonomy":"product_cat","embeddable":true,"href":"https:\/\/www.vebon.se\/index.php?rest_route=%2Fwp%2Fv2%2Fproduct_cat&post=133"},{"taxonomy":"product_tag","embeddable":true,"href":"https:\/\/www.vebon.se\/index.php?rest_route=%2Fwp%2Fv2%2Fproduct_tag&post=133"}],"curies":[{"name":"wp","href":"https:\/\/api.w.org\/{rel}","templated":true}]}}