{"id":105,"date":"2024-02-13T11:35:25","date_gmt":"2024-02-13T10:35:25","guid":{"rendered":"https:\/\/www.vebon.se\/?post_type=product&#038;p=105"},"modified":"2024-02-22T14:12:59","modified_gmt":"2024-02-22T13:12:59","slug":"bjorkved-170-liter","status":"publish","type":"product","link":"https:\/\/www.vebon.se\/?product=bjorkved-170-liter","title":{"rendered":"Bj\u00f6rkved 170 liter"},"content":{"rendered":"<p>Torr prima kluven bj\u00f6rkved fr\u00e5n Lycksele.<br \/>\nL\u00e4ngd 35 cm, packad i l\u00e4tthanterlig Big Bag.<br \/>\nLevereras till din adress.<\/p>\n<p>Frakt tillkommer, 25 kr\/mil<\/p>\n","protected":false},"excerpt":{"rendered":"<p>Torr prima kluven bj\u00f6rkved fr\u00e5n Lycksele. L\u00e4ngd 35 cm, packad i l\u00e4tthanterlig Big Bag. Levereras till din adress. Frakt tillkommer, 25 kr\/mil<\/p>\n","protected":false},"featured_media":109,"comment_status":"open","ping_status":"closed","template":"","meta":{"_genesis_hide_title":false,"_genesis_hide_breadcrumbs":false,"_genesis_hide_singular_image":false,"_genesis_hide_footer_widgets":false,"_genesis_custom_body_class":"","_genesis_custom_post_class":"","_genesis_layout":""},"product_cat":[17],"product_tag":[],"class_list":{"0":"post-105","1":"product","2":"type-product","3":"status-publish","4":"has-post-thumbnail","6":"product_cat-okategoriserad","7":"entry","9":"first","10":"instock","11":"shipping-taxable","12":"purchasable","13":"product-type-simple"},"jetpack_sharing_enabled":true,"_links":{"self":[{"href":"https:\/\/www.vebon.se\/index.php?rest_route=\/wp\/v2\/product\/105","targetHints":{"allow":["GET"]}}],"collection":[{"href":"https:\/\/www.vebon.se\/index.php?rest_route=\/wp\/v2\/product"}],"about":[{"href":"https:\/\/www.vebon.se\/index.php?rest_route=\/wp\/v2\/types\/product"}],"replies":[{"embeddable":true,"href":"https:\/\/www.vebon.se\/index.php?rest_route=%2Fwp%2Fv2%2Fcomments&post=105"}],"wp:featuredmedia":[{"embeddable":true,"href":"https:\/\/www.vebon.se\/index.php?rest_route=\/wp\/v2\/media\/109"}],"wp:attachment":[{"href":"https:\/\/www.vebon.se\/index.php?rest_route=%2Fwp%2Fv2%2Fmedia&parent=105"}],"wp:term":[{"taxonomy":"product_cat","embeddable":true,"href":"https:\/\/www.vebon.se\/index.php?rest_route=%2Fwp%2Fv2%2Fproduct_cat&post=105"},{"taxonomy":"product_tag","embeddable":true,"href":"https:\/\/www.vebon.se\/index.php?rest_route=%2Fwp%2Fv2%2Fproduct_tag&post=105"}],"curies":[{"name":"wp","href":"https:\/\/api.w.org\/{rel}","templated":true}]}}