{"id":19,"date":"2024-02-09T14:07:56","date_gmt":"2024-02-09T13:07:56","guid":{"rendered":"https:\/\/www.vebon.se\/?page_id=19"},"modified":"2024-02-22T14:21:55","modified_gmt":"2024-02-22T13:21:55","slug":"homepage-2","status":"publish","type":"page","link":"https:\/\/www.vebon.se\/","title":{"rendered":"Homepage"},"content":{"rendered":"\n<div class=\"wp-block-cover alignfull\" style=\"min-height:459px;aspect-ratio:unset;\"><span aria-hidden=\"true\" class=\"wp-block-cover__background has-background-dim\"><\/span><img loading=\"lazy\" decoding=\"async\" width=\"2560\" height=\"1707\" class=\"wp-block-cover__image-background wp-image-74\" alt=\"\" src=\"https:\/\/www.vebon.se\/wp-content\/uploads\/2024\/02\/florian-winkler-_AieMCE7xv8-unsplash-scaled.jpg\" style=\"object-position:67% 90%\" data-object-fit=\"cover\" data-object-position=\"67% 90%\" srcset=\"https:\/\/www.vebon.se\/wp-content\/uploads\/2024\/02\/florian-winkler-_AieMCE7xv8-unsplash-scaled.jpg 2560w, https:\/\/www.vebon.se\/wp-content\/uploads\/2024\/02\/florian-winkler-_AieMCE7xv8-unsplash-300x200.jpg 300w, https:\/\/www.vebon.se\/wp-content\/uploads\/2024\/02\/florian-winkler-_AieMCE7xv8-unsplash-1024x683.jpg 1024w, https:\/\/www.vebon.se\/wp-content\/uploads\/2024\/02\/florian-winkler-_AieMCE7xv8-unsplash-768x512.jpg 768w, https:\/\/www.vebon.se\/wp-content\/uploads\/2024\/02\/florian-winkler-_AieMCE7xv8-unsplash-1536x1024.jpg 1536w, https:\/\/www.vebon.se\/wp-content\/uploads\/2024\/02\/florian-winkler-_AieMCE7xv8-unsplash-2048x1365.jpg 2048w, https:\/\/www.vebon.se\/wp-content\/uploads\/2024\/02\/florian-winkler-_AieMCE7xv8-unsplash-600x400.jpg 600w\" sizes=\"auto, (max-width: 2560px) 100vw, 2560px\" \/><div class=\"wp-block-cover__inner-container is-layout-constrained wp-block-cover-is-layout-constrained\">\n<div class=\"wp-block-genesis-blocks-gb-columns gb-layout-columns-1 gb-1-col-equal gb-columns-center\"><div class=\"gb-layout-column-wrap gb-block-layout-column-gap-2 gb-is-responsive-column\" style=\"max-width:1104px\">\n<div class=\"wp-block-genesis-blocks-gb-column gb-block-layout-column\"><div class=\"gb-block-layout-column-inner\">\n<h1 class=\"wp-block-heading has-text-align-center bold-heading-text fade-in-up\">V\u00e4lkommen till Vebon!<\/h1>\n\n\n\n<div style=\"height:18px\" aria-hidden=\"true\" class=\"wp-block-spacer\"><\/div>\n\n\n\n<div class=\"wp-block-buttons alignwide fade-in-up is-content-justification-center is-layout-flex wp-container-core-buttons-is-layout-16018d1d wp-block-buttons-is-layout-flex\">\n<div class=\"wp-block-button has-custom-font-size has-normal-font-size\"><a class=\"wp-block-button__link wp-element-button\" href=\"https:\/\/www.vebon.se\/?page_id=83\">Priser<\/a><\/div>\n\n\n\n<div class=\"wp-block-button has-custom-font-size has-normal-font-size\"><a class=\"wp-block-button__link wp-element-button\" href=\"https:\/\/www.vebon.se\/?page_id=23\">Kontakta oss<\/a><\/div>\n<\/div>\n<\/div><\/div>\n<\/div><\/div>\n<\/div><\/div>\n\n\n\n<div style=\"padding-left:8%;padding-right:8%;padding-bottom:15%;padding-top:10%\" class=\"wp-block-genesis-blocks-gb-container gb-block-container alignfull\"><div class=\"gb-container-inside\"><div class=\"gb-container-content\" style=\"max-width:1200px\">\n<div class=\"wp-block-genesis-blocks-gb-columns gb-layout-columns-2 gb-2-col-equal\"><div class=\"gb-layout-column-wrap gb-block-layout-column-gap-2 gb-is-responsive-column\">\n<div class=\"wp-block-genesis-blocks-gb-column gb-block-layout-column gb-is-vertically-aligned-top\"><div class=\"gb-block-layout-column-inner\"><div class=\"wp-block-image fade-in-up\">\n<figure class=\"aligncenter size-large is-resized\"><img loading=\"lazy\" decoding=\"async\" width=\"653\" height=\"1024\" src=\"https:\/\/www.vebon.se\/wp-content\/uploads\/2024\/02\/sack-653x1024.jpg\" alt=\"\" class=\"wp-image-106\" style=\"width:362px;height:auto\" srcset=\"https:\/\/www.vebon.se\/wp-content\/uploads\/2024\/02\/sack-653x1024.jpg 653w, https:\/\/www.vebon.se\/wp-content\/uploads\/2024\/02\/sack-191x300.jpg 191w, https:\/\/www.vebon.se\/wp-content\/uploads\/2024\/02\/sack-768x1204.jpg 768w, https:\/\/www.vebon.se\/wp-content\/uploads\/2024\/02\/sack-979x1536.jpg 979w, https:\/\/www.vebon.se\/wp-content\/uploads\/2024\/02\/sack-1306x2048.jpg 1306w, https:\/\/www.vebon.se\/wp-content\/uploads\/2024\/02\/sack-720x1129.jpg 720w, https:\/\/www.vebon.se\/wp-content\/uploads\/2024\/02\/sack-scaled.jpg 1632w\" sizes=\"auto, (max-width: 653px) 100vw, 653px\" \/><\/figure>\n<\/div><\/div><\/div>\n\n\n\n<div class=\"wp-block-genesis-blocks-gb-column gb-block-layout-column gb-is-vertically-aligned-center\"><div class=\"gb-block-layout-column-inner\">\n<h2 class=\"wp-block-heading bold-text fade-in-up\">Prima torr bj\u00f6kved fr\u00e5n Lycksele i hanterbar stors\u00e4ck<\/h2>\n\n\n\n<p class=\"fade-in-up\">170 liter torr ved, fr\u00e5n 300 kr s\u00e4cken.<br>Snabb leverans till din adress!<\/p>\n\n\n\n<div class=\"wp-block-buttons is-layout-flex wp-block-buttons-is-layout-flex\">\n<div class=\"wp-block-button has-custom-width wp-block-button__width-50 has-custom-font-size has-larger-font-size\"><a class=\"wp-block-button__link wp-element-button\" href=\"https:\/\/www.vebon.se\/?product=bjorkved-170-liter\">Best\u00e4ll h\u00e4r!<\/a><\/div>\n<\/div>\n<\/div><\/div>\n<\/div><\/div>\n\n\n\n<div class=\"wp-block-genesis-blocks-gb-columns gb-layout-columns-2 gb-2-col-equal\" style=\"margin-top:139px\"><div class=\"gb-layout-column-wrap gb-block-layout-column-gap-2 gb-is-responsive-column\">\n<div class=\"wp-block-genesis-blocks-gb-column gb-block-layout-column gb-is-vertically-aligned-center\"><div class=\"gb-block-layout-column-inner\"><div class=\"wp-block-image fade-in-up\">\n<figure class=\"aligncenter size-large is-resized\"><img loading=\"lazy\" decoding=\"async\" width=\"1024\" height=\"1024\" src=\"https:\/\/www.vebon.se\/wp-content\/uploads\/2024\/02\/Alved-1024x1024.jpg\" alt=\"\" class=\"wp-image-111\" style=\"width:371px;height:auto\" srcset=\"https:\/\/www.vebon.se\/wp-content\/uploads\/2024\/02\/Alved-1024x1024.jpg 1024w, https:\/\/www.vebon.se\/wp-content\/uploads\/2024\/02\/Alved-300x300.jpg 300w, https:\/\/www.vebon.se\/wp-content\/uploads\/2024\/02\/Alved-150x150.jpg 150w, https:\/\/www.vebon.se\/wp-content\/uploads\/2024\/02\/Alved-768x768.jpg 768w, https:\/\/www.vebon.se\/wp-content\/uploads\/2024\/02\/Alved-1536x1536.jpg 1536w, https:\/\/www.vebon.se\/wp-content\/uploads\/2024\/02\/Alved-2048x2048.jpg 2048w, https:\/\/www.vebon.se\/wp-content\/uploads\/2024\/02\/Alved-80x80.jpg 80w\" sizes=\"auto, (max-width: 1024px) 100vw, 1024px\" \/><\/figure>\n<\/div><\/div><\/div>\n\n\n\n<div class=\"wp-block-genesis-blocks-gb-column gb-block-layout-column gb-is-vertically-aligned-center\"><div class=\"gb-block-layout-column-inner\">\n<h2 class=\"wp-block-heading bold-text fade-in-up\">Alved \u2013 perfekt f\u00f6r r\u00f6kning<\/h2>\n\n\n\n<p class=\"fade-in-up\">60 liters potatiss\u00e4ck fylld med prima alved. Perfekt f\u00f6r bastueldning, r\u00f6kning av fisk eller k\u00f6tt.<\/p>\n\n\n\n<div class=\"wp-block-buttons is-layout-flex wp-block-buttons-is-layout-flex\">\n<div class=\"wp-block-button has-custom-width wp-block-button__width-50 has-custom-font-size has-larger-font-size\"><a class=\"wp-block-button__link wp-element-button\" href=\"https:\/\/www.vebon.se\/?product=alved-rokved\">Best\u00e4ll h\u00e4r!<\/a><\/div>\n<\/div>\n<\/div><\/div>\n<\/div><\/div>\n<\/div><\/div><\/div>\n\n\n\n<div class=\"wp-block-cover alignfull is-light\" style=\"min-height:524px;aspect-ratio:unset;\"><span aria-hidden=\"true\" class=\"wp-block-cover__background has-background-dim-10 has-background-dim\"><\/span><img loading=\"lazy\" decoding=\"async\" width=\"2560\" height=\"1922\" class=\"wp-block-cover__image-background wp-image-75\" alt=\"\" src=\"https:\/\/www.vebon.se\/wp-content\/uploads\/2024\/02\/natalie-dmay-ogK2WZ66crA-unsplash-scaled.jpg\" style=\"object-position:52% 0%\" data-object-fit=\"cover\" data-object-position=\"52% 0%\" srcset=\"https:\/\/www.vebon.se\/wp-content\/uploads\/2024\/02\/natalie-dmay-ogK2WZ66crA-unsplash-scaled.jpg 2560w, https:\/\/www.vebon.se\/wp-content\/uploads\/2024\/02\/natalie-dmay-ogK2WZ66crA-unsplash-300x225.jpg 300w, https:\/\/www.vebon.se\/wp-content\/uploads\/2024\/02\/natalie-dmay-ogK2WZ66crA-unsplash-1024x769.jpg 1024w, https:\/\/www.vebon.se\/wp-content\/uploads\/2024\/02\/natalie-dmay-ogK2WZ66crA-unsplash-768x577.jpg 768w, https:\/\/www.vebon.se\/wp-content\/uploads\/2024\/02\/natalie-dmay-ogK2WZ66crA-unsplash-1536x1153.jpg 1536w, https:\/\/www.vebon.se\/wp-content\/uploads\/2024\/02\/natalie-dmay-ogK2WZ66crA-unsplash-2048x1538.jpg 2048w\" sizes=\"auto, (max-width: 2560px) 100vw, 2560px\" \/><div class=\"wp-block-cover__inner-container is-layout-constrained wp-block-cover-is-layout-constrained\">\n<p class=\"has-text-align-center has-large-font-size\"><\/p>\n<\/div><\/div>\n","protected":false},"excerpt":{"rendered":"","protected":false},"author":1,"featured_media":0,"parent":0,"menu_order":0,"comment_status":"closed","ping_status":"closed","template":"","meta":{"_genesis_hide_title":true,"_genesis_hide_breadcrumbs":true,"_genesis_hide_singular_image":true,"_genesis_hide_footer_widgets":false,"_genesis_custom_body_class":"","_genesis_custom_post_class":"","_genesis_layout":"full-width-content","footnotes":""},"class_list":{"0":"post-19","1":"page","2":"type-page","3":"status-publish","5":"entry"},"jetpack_sharing_enabled":true,"featured_image_src":null,"featured_image_src_square":null,"_links":{"self":[{"href":"https:\/\/www.vebon.se\/index.php?rest_route=\/wp\/v2\/pages\/19","targetHints":{"allow":["GET"]}}],"collection":[{"href":"https:\/\/www.vebon.se\/index.php?rest_route=\/wp\/v2\/pages"}],"about":[{"href":"https:\/\/www.vebon.se\/index.php?rest_route=\/wp\/v2\/types\/page"}],"author":[{"embeddable":true,"href":"https:\/\/www.vebon.se\/index.php?rest_route=\/wp\/v2\/users\/1"}],"replies":[{"embeddable":true,"href":"https:\/\/www.vebon.se\/index.php?rest_route=%2Fwp%2Fv2%2Fcomments&post=19"}],"version-history":[{"count":32,"href":"https:\/\/www.vebon.se\/index.php?rest_route=\/wp\/v2\/pages\/19\/revisions"}],"predecessor-version":[{"id":138,"href":"https:\/\/www.vebon.se\/index.php?rest_route=\/wp\/v2\/pages\/19\/revisions\/138"}],"wp:attachment":[{"href":"https:\/\/www.vebon.se\/index.php?rest_route=%2Fwp%2Fv2%2Fmedia&parent=19"}],"curies":[{"name":"wp","href":"https:\/\/api.w.org\/{rel}","templated":true}]}}